{"id":25,"date":"2020-12-09T15:29:14","date_gmt":"2020-12-09T14:29:14","guid":{"rendered":"http:\/\/paroliereveur.fr\/?page_id=25"},"modified":"2020-12-10T14:22:18","modified_gmt":"2020-12-10T13:22:18","slug":"accueil","status":"publish","type":"page","link":"https:\/\/paroliereveur.fr\/","title":{"rendered":"Bonjour \u00e0 vous"},"content":{"rendered":"\n<p>Un petit crayon, une feuille de papier et ma voix pour oser &#8230; <\/p>\n\n\n\n<p>&#8230; donner vie \u00e0 des textes de chanson<\/p>\n\n\n\n<p>En esp\u00e9rant vous intriguer, vous titiller, vous toucher, vous accompagner ou simplement vous distraire<\/p>\n\n\n\n<p>Le Parolier R\u00eaveur, artisan de la chanson fran\u00e7aise, va bient\u00f4t vous pr\u00e9senter quelques chansons dont vous pouvez d\u00e9j\u00e0 d\u00e9couvrir les textes<\/p>\n\n\n\n<p>Artistiquement<\/p>\n","protected":false},"excerpt":{"rendered":"<p>Un petit crayon, une feuille de papier et ma voix pour oser &#8230; &#8230; donner vie \u00e0 des textes de chanson En esp\u00e9rant vous intriguer, vous titiller, vous toucher, vous accompagner ou simplement vous distraire Le Parolier R\u00eaveur, artisan de la chanson fran\u00e7aise, va bient\u00f4t vous pr\u00e9senter quelques chansons dont vous pouvez d\u00e9j\u00e0 d\u00e9couvrir les &hellip; <\/p>\n<p class=\"link-more\"><a href=\"https:\/\/paroliereveur.fr\/\" class=\"more-link\">Continue reading<span class=\"screen-reader-text\"> &#8220;Bonjour \u00e0 vous&#8221;<\/span><\/a><\/p>\n","protected":false},"author":1,"featured_media":0,"parent":0,"menu_order":0,"comment_status":"closed","ping_status":"closed","template":"","meta":{"footnotes":""},"class_list":["post-25","page","type-page","status-publish","hentry"],"_links":{"self":[{"href":"https:\/\/paroliereveur.fr\/index.php?rest_route=\/wp\/v2\/pages\/25","targetHints":{"allow":["GET"]}}],"collection":[{"href":"https:\/\/paroliereveur.fr\/index.php?rest_route=\/wp\/v2\/pages"}],"about":[{"href":"https:\/\/paroliereveur.fr\/index.php?rest_route=\/wp\/v2\/types\/page"}],"author":[{"embeddable":true,"href":"https:\/\/paroliereveur.fr\/index.php?rest_route=\/wp\/v2\/users\/1"}],"replies":[{"embeddable":true,"href":"https:\/\/paroliereveur.fr\/index.php?rest_route=%2Fwp%2Fv2%2Fcomments&post=25"}],"version-history":[{"count":4,"href":"https:\/\/paroliereveur.fr\/index.php?rest_route=\/wp\/v2\/pages\/25\/revisions"}],"predecessor-version":[{"id":65,"href":"https:\/\/paroliereveur.fr\/index.php?rest_route=\/wp\/v2\/pages\/25\/revisions\/65"}],"wp:attachment":[{"href":"https:\/\/paroliereveur.fr\/index.php?rest_route=%2Fwp%2Fv2%2Fmedia&parent=25"}],"curies":[{"name":"wp","href":"https:\/\/api.w.org\/{rel}","templated":true}]}}